{"id":603,"date":"2021-03-09T23:09:36","date_gmt":"2021-03-09T23:09:36","guid":{"rendered":"https:\/\/estudiomistermaster.com\/?page_id=603"},"modified":"2025-10-01T11:39:37","modified_gmt":"2025-10-01T11:39:37","slug":"equipamento","status":"publish","type":"page","link":"https:\/\/estudiomistermaster.com\/pt\/equipamento\/","title":{"rendered":"Equipamento"},"content":{"rendered":"\t\t<div data-elementor-type=\"wp-page\" data-elementor-id=\"603\" class=\"elementor elementor-603\">\n\t\t\t\t<div class=\"elementor-element elementor-element-73ede98 e-con-full e-flex e-con e-parent\" data-id=\"73ede98\" data-element_type=\"container\" data-e-type=\"container\" data-settings=\"{&quot;background_background&quot;:&quot;classic&quot;}\">\n\t\t\t\t<div class=\"elementor-element elementor-element-68ad21f elementor-widget elementor-widget-heading\" data-id=\"68ad21f\" data-element_type=\"widget\" data-e-type=\"widget\" data-widget_type=\"heading.default\">\n\t\t\t\t\t<h1 class=\"elementor-heading-title elementor-size-default\">EQUIPAMENTO<\/h1>\t\t\t\t<\/div>\n\t\t\t\t<\/div>\n\t\t<div class=\"elementor-element elementor-element-4cc94e6 e-con-full e-flex e-con e-parent\" data-id=\"4cc94e6\" data-element_type=\"container\" data-e-type=\"container\">\n\t\t<div class=\"elementor-element elementor-element-58b05de e-con-full e-flex e-con e-child\" data-id=\"58b05de\" data-element_type=\"container\" data-e-type=\"container\">\n\t\t\t\t<div class=\"elementor-element elementor-element-bd13e68 elementor-invisible elementor-widget elementor-widget-text-editor\" data-id=\"bd13e68\" data-element_type=\"widget\" data-e-type=\"widget\" data-settings=\"{&quot;_animation&quot;:&quot;zoomIn&quot;}\" data-widget_type=\"text-editor.default\">\n\t\t\t\t\t\t\t\t\t<div class=\"preview-body-holder removable-parent order-handle\"><div id=\"vbid-11a3494b-4smiul6s\" class=\"preview-element preview-body magic-circle-holder text-element quick-text-style-menu allow-mobile-hide\" data-menu-name=\"PREVIEW_BODY\"><p style=\"text-align: center;\"><span style=\"text-decoration: underline; color: #96f961;\"><strong>MONITORES<\/strong><\/span><\/p><ul><li>PMC IB1S Powered by Bryston Amps &#8211; PMC Stands<\/li><li>Adam Audio &#8211; A77X<\/li><\/ul><p style=\"text-align: center;\"><span style=\"text-decoration: underline; color: #96f961;\"><strong>CONTROLADOR DE MONI\u00c7\u00c3O<\/strong><\/span><\/p><ul><li>Avocet &#8211; Crane Song<\/li><\/ul><p style=\"text-align: center;\"><span style=\"text-decoration: underline; color: #96f961;\"><strong>CONSOLA<\/strong><\/span><\/p><ul><li>Custom Master Insert Switcher<\/li><\/ul><\/div><\/div><div class=\"preview-body-holder removable-parent order-handle\"><div id=\"vbid-11a3494b-4smiul6s\" class=\"preview-element preview-body magic-circle-holder text-element quick-text-style-menu allow-mobile-hide\" data-menu-name=\"PREVIEW_BODY\"><p style=\"text-align: center;\"><span style=\"text-decoration: underline; color: #96f961;\"><strong>CONVERSOR AD\/DA<br \/><\/strong><\/span><\/p><ul><li>Lynx Hilo &#8211; Reference AD\/DA Converter<\/li><\/ul><p style=\"text-align: center;\"><span style=\"text-decoration: underline; color: #96f961;\"><strong>MASTER CLOCK<\/strong><\/span><\/p><ul><li>Isochrone OCX Master Clock &#8211; Antelope<\/li><\/ul><p style=\"text-align: center;\"><strong><span style=\"text-decoration: underline; color: #96f961;\">DIGITAL WORKSTATION<\/span><br \/><\/strong><\/p><div class=\"preview-body-holder removable-parent order-handle\"><div id=\"vbid-88137930-zbwc6iqb\" class=\"preview-element preview-body magic-circle-holder text-element quick-text-style-menu allow-mobile-hide\" data-menu-name=\"PREVIEW_BODY\"><ul><li>Wavelab Pro 12 (Steinberg)<\/li><li>Protools Studio (Avid)<\/li><li>CD-Burn DDP (Hofa)<\/li><\/ul><p style=\"text-align: center;\"><strong><span style=\"text-decoration: underline; color: #96f961;\">SOFTWARE DE RESTAURO<\/span><br \/><\/strong><\/p><ul><li>RX11 &#8211; Izotope<\/li><li>Spectralayers Pro 12<\/li><\/ul><\/div><\/div><\/div><\/div>\t\t\t\t\t\t\t\t<\/div>\n\t\t\t\t<\/div>\n\t\t<div class=\"elementor-element elementor-element-d90f2bb e-con-full e-flex e-con e-child\" data-id=\"d90f2bb\" data-element_type=\"container\" data-e-type=\"container\">\n\t\t\t\t<div class=\"elementor-element elementor-element-0a286c0 elementor-invisible elementor-widget elementor-widget-text-editor\" data-id=\"0a286c0\" data-element_type=\"widget\" data-e-type=\"widget\" data-settings=\"{&quot;_animation&quot;:&quot;zoomIn&quot;}\" data-widget_type=\"text-editor.default\">\n\t\t\t\t\t\t\t\t\t<p style=\"text-align: center;\"><span style=\"color: #96f961;\"><strong><span style=\"text-decoration: underline;\">EQUALIZADORES ANAL\u00d3GICOS<\/span><\/strong><\/span><\/p><div class=\"preview-body-holder removable-parent order-handle\"><div id=\"vbid-11a3494b-mf9hunrm\" class=\"preview-element preview-body magic-circle-holder text-element quick-text-style-menu allow-mobile-hide\" data-menu-name=\"PREVIEW_BODY\"><ul><li>Manley Labs &#8211; Massive Passive Stereo EQ<\/li><li>Universal Audio 2 &#8211; 610S<\/li><li>Tegeler Cr\u00e8me &#8211; Pultec Type<\/li><\/ul><p style=\"text-align: center;\"><span style=\"color: #96f961;\"><strong><span style=\"text-decoration: underline;\">EQUALIZADORES DIGITAIS<\/span><\/strong><\/span><\/p><ul><li>TC 6000 &#8211; MD4 HD EQ<\/li><li>Maselec &#8211; MEA-2 (Relab)<\/li><li>Weiss EQ1 (Softube)<\/li><li>Pro Q4 (FabFilter)<\/li><li>Michelangelo (Tone Projects)<\/li><li>Avalon VT-747sp (Kazrog)<\/li><\/ul><p style=\"text-align: center;\"><span style=\"text-decoration: underline; color: #96f961;\"><strong>COMPRESSORES ANAL\u00d3GICOS<\/strong><\/span><\/p><ul><li>Manley Labs &#8211; Stereo Variable MU Limiter Comp<\/li><li>Tegeler Audio &#8211; Cr\u00e8me &#8211; SSL VCA Type Compressor<\/li><\/ul><p style=\"text-align: center;\"><span style=\"text-decoration: underline; color: #96f961;\"><strong>COMPRESSORES DIGITAIS<\/strong><\/span><\/p><ul><li>Weiss DS1-MK3 (Softube)<\/li><li>Unisum &#8211; (Tone Projects)<\/li><li>Maselec &#8211; MLA-4 (Relab)<\/li><li>TC 6000 &#8211; MD4 HD<\/li><li>Pro MB (FabFilter)<\/li><\/ul><div><p style=\"text-align: center;\"><span style=\"text-decoration: underline; color: #96f961;\"><strong>DE-ESSERS<\/strong><\/span><\/p><ul><li>Weiss Deess (Softube)<\/li><li>Soothe-2 (Oeksound)<\/li><li>Pro-DS (FabFilter)<\/li><\/ul><\/div><\/div><\/div>\t\t\t\t\t\t\t\t<\/div>\n\t\t\t\t<\/div>\n\t\t<div class=\"elementor-element elementor-element-8285bd8 e-con-full e-flex e-con e-child\" data-id=\"8285bd8\" data-element_type=\"container\" data-e-type=\"container\">\n\t\t\t\t<div class=\"elementor-element elementor-element-ef40183 elementor-invisible elementor-widget elementor-widget-text-editor\" data-id=\"ef40183\" data-element_type=\"widget\" data-e-type=\"widget\" data-settings=\"{&quot;_animation&quot;:&quot;zoomIn&quot;}\" data-widget_type=\"text-editor.default\">\n\t\t\t\t\t\t\t\t\t<div><div data-menu-name=\"PREVIEW_BODY\"><p style=\"text-align: center;\"><span style=\"text-decoration: underline; color: #96f961;\"><strong>CLIPPERS \/ SATURADORES<\/strong><\/span><\/p><ul><li>Weiss Exciter (Softube)<\/li><li>Saturn 2 (FabFilter)<\/li><li>Std Clip (Sir Audio Tools)<\/li><li>Vertigo VSM-3 (P.A.)<\/li><li>Inflator (Sonnox)<\/li><\/ul><p style=\"text-align: center;\"><span style=\"color: #96f961;\"><strong><span style=\"text-decoration: underline;\">LIMITADORES DIGITAIS<\/span><\/strong><\/span><\/p><ul><li>Limitless (DMG Audio)<\/li><li>Limiter (Sonnox)<\/li><li>Weiss MM1 M(Softube)<\/li><li>Pro L2 (FabFilter)<\/li><li>TC 6000 &#8211; Brickwall Limiter<\/li><\/ul><p style=\"text-align: center;\"><span style=\"text-decoration: underline; color: #96f961;\"><strong>PLUGINS<\/strong><\/span><\/p><div><div data-menu-name=\"PREVIEW_BODY\"><ul><li>TC Electronic<\/li><li>FabFilter<\/li><li>Softube<\/li><li>Sonnox<\/li><li>Nugen Audio<\/li><li>Meter Plugs<\/li><li>Relab Development<\/li><li>Plugin Alliance<\/li><li>Oeksound<\/li><li>Izotope<\/li><li>Brainworx<\/li><li>Tone Projects<\/li><li>Tokyo Dawn Labs<\/li><li>Kazrog<\/li><li>Slate Digital<\/li><\/ul><div>\u00a0<\/div><\/div><\/div><\/div><\/div>\t\t\t\t\t\t\t\t<\/div>\n\t\t\t\t<\/div>\n\t\t<div class=\"elementor-element elementor-element-c6d092f e-con-full e-flex e-con e-child\" data-id=\"c6d092f\" data-element_type=\"container\" data-e-type=\"container\">\n\t\t\t\t<div class=\"elementor-element elementor-element-4325f1f elementor-invisible elementor-widget elementor-widget-text-editor\" data-id=\"4325f1f\" data-element_type=\"widget\" data-e-type=\"widget\" data-settings=\"{&quot;_animation&quot;:&quot;zoomIn&quot;}\" data-widget_type=\"text-editor.default\">\n\t\t\t\t\t\t\t\t\t<div class=\"preview-body-holder removable-parent order-handle\"><div id=\"vbid-e3a4db27-pziu1djo\" class=\"preview-element preview-body magic-circle-holder text-element quick-text-style-menu allow-mobile-hide\" data-menu-name=\"PREVIEW_BODY\"><p style=\"text-align: center;\"><span style=\"text-decoration: underline; color: #96f961;\"><strong>DECKS<\/strong><\/span><\/p><div class=\"preview-body-holder removable-parent order-handle\"><div id=\"vbid-88137930-gtivlend\" class=\"preview-element preview-body magic-circle-holder text-element quick-text-style-menu allow-mobile-hide\" data-menu-name=\"PREVIEW_BODY\"><ul><li>DAT Sony DTC-690<\/li><li>Reel to Reel 1\/4&#8243; Tape &#8211; Revox B77 MKII Dolby A\/SR<\/li><li>Turntable &#8211; Omnitronic DD &#8211; 4750<\/li><li>DVD\/CD Pioneer DV343<\/li><li>Stereo Cassette Deck Sharp RT-31<\/li><li>Stereo Cassette Deck Pioneer CT-660<\/li><\/ul><\/div><\/div><p style=\"text-align: center;\"><span style=\"text-decoration: underline; color: #96f961;\"><strong>CABLAGEM<\/strong><\/span><\/p><ul><li>Anal\u00f3gico &#8211; Mogami Gold<\/li><li>Digital &#8211; Mogami AES Gold<\/li><li>Conectores &#8211; Neutrik XX-HE Series<\/li><\/ul><\/div><\/div><p style=\"text-align: center;\"><span style=\"color: #96f961;\"><strong><span style=\"text-decoration: underline;\">COMPUTADORES<\/span><\/strong><\/span><\/p><div class=\"preview-body-holder removable-parent order-handle\"><div id=\"vbid-88137930-fhbcjvcy\" class=\"preview-element preview-body magic-circle-holder text-element quick-text-style-menu allow-mobile-hide\" data-menu-name=\"PREVIEW_BODY\"><ul><li>Mac Studio M2 Max<br \/>32Gb Ram<br \/>CPU 12-Core<br \/>GPU 30-Core<br \/>Neural Engine 16-Core<\/li><\/ul><p style=\"text-align: center;\"><span style=\"text-decoration: underline; color: #96f961;\"><strong>MOBILI\u00c1RIO<\/strong><\/span><\/p><ul><li>Mesa &#8211; Curuxa Customs &#8211; Desk V3 Acoustic 52RU<\/li><li>Suporte de Monitores Alternativos &#8211; Curuxa Customs &#8211; Stands V3 Acoustic<\/li><\/ul><\/div><\/div>\t\t\t\t\t\t\t\t<\/div>\n\t\t\t\t<\/div>\n\t\t\t\t<\/div>\n\t\t\t\t<\/div>\n\t\t","protected":false},"excerpt":{"rendered":"<p>EQUIPAMENTO MONITORES PMC IB1S Powered by Bryston Amps &#8211; PMC Stands Adam Audio &#8211; A77X CONTROLADOR DE MONI\u00c7\u00c3O Avocet &#8211; Crane Song CONSOLA Custom Master Insert Switcher CONVERSOR AD\/DA Lynx Hilo &#8211; Reference AD\/DA Converter MASTER CLOCK Isochrone OCX Master Clock &#8211; Antelope DIGITAL WORKSTATION Wavelab Pro 12 (Steinberg) Protools Studio (Avid) CD-Burn DDP (Hofa) [&hellip;]<\/p>\n","protected":false},"author":1,"featured_media":0,"parent":0,"menu_order":0,"comment_status":"closed","ping_status":"closed","template":"","meta":{"nf_dc_page":"","site-sidebar-layout":"no-sidebar","site-content-layout":"page-builder","ast-site-content-layout":"full-width-container","site-content-style":"unboxed","site-sidebar-style":"unboxed","ast-global-header-display":"","ast-banner-title-visibility":"","ast-main-header-display":"","ast-hfb-above-header-display":"","ast-hfb-below-header-display":"","ast-hfb-mobile-header-display":"","site-post-title":"disabled","ast-breadcrumbs-content":"","ast-featured-img":"","footer-sml-layout":"","ast-disable-related-posts":"","theme-transparent-header-meta":"enabled","adv-header-id-meta":"","stick-header-meta":"","header-above-stick-meta":"","header-main-stick-meta":"","header-below-stick-meta":"","astra-migrate-meta-layouts":"set","ast-page-background-enabled":"default","ast-page-background-meta":{"desktop":{"background-color":"","background-image":"","background-repeat":"repeat","background-position":"center center","background-size":"auto","background-attachment":"scroll","background-type":"","background-media":"","overlay-type":"","overlay-color":"","overlay-opacity":"","overlay-gradient":""},"tablet":{"background-color":"","background-image":"","background-repeat":"repeat","background-position":"center center","background-size":"auto","background-attachment":"scroll","background-type":"","background-media":"","overlay-type":"","overlay-color":"","overlay-opacity":"","overlay-gradient":""},"mobile":{"background-color":"","background-image":"","background-repeat":"repeat","background-position":"center center","background-size":"auto","background-attachment":"scroll","background-type":"","background-media":"","overlay-type":"","overlay-color":"","overlay-opacity":"","overlay-gradient":""}},"ast-content-background-meta":{"desktop":{"background-color":"var(--ast-global-color-5)","background-image":"","background-repeat":"repeat","background-position":"center center","background-size":"auto","background-attachment":"scroll","background-type":"","background-media":"","overlay-type":"","overlay-color":"","overlay-opacity":"","overlay-gradient":""},"tablet":{"background-color":"var(--ast-global-color-5)","background-image":"","background-repeat":"repeat","background-position":"center center","background-size":"auto","background-attachment":"scroll","background-type":"","background-media":"","overlay-type":"","overlay-color":"","overlay-opacity":"","overlay-gradient":""},"mobile":{"background-color":"var(--ast-global-color-5)","background-image":"","background-repeat":"repeat","background-position":"center center","background-size":"auto","background-attachment":"scroll","background-type":"","background-media":"","overlay-type":"","overlay-color":"","overlay-opacity":"","overlay-gradient":""}},"footnotes":""},"class_list":["post-603","page","type-page","status-publish","hentry"],"yoast_head":"<!-- This site is optimized with the Yoast SEO plugin v27.4 - https:\/\/yoast.com\/product\/yoast-seo-wordpress\/ -->\n<title>Equipamento de Masteriza\u00e7\u00e3o | Est\u00fadio Mister Master<\/title>\n<meta name=\"description\" content=\"Descubre o equipamento de Masteriza\u00e7\u00e3o usado no Est\u00fadio Mister Master. Hardware e software de alt\u00edssima qualidade.\" \/>\n<meta name=\"robots\" content=\"index, follow, max-snippet:-1, max-image-preview:large, max-video-preview:-1\" \/>\n<link rel=\"canonical\" href=\"https:\/\/estudiomistermaster.com\/pt\/equipamento\/\" \/>\n<meta property=\"og:locale\" content=\"pt_PT\" \/>\n<meta property=\"og:type\" content=\"article\" \/>\n<meta property=\"og:title\" content=\"Equipamento de Masteriza\u00e7\u00e3o | Est\u00fadio Mister Master\" \/>\n<meta property=\"og:description\" content=\"Descubre o equipamento de Masteriza\u00e7\u00e3o usado no Est\u00fadio Mister Master. Hardware e software de alt\u00edssima qualidade.\" \/>\n<meta property=\"og:url\" content=\"https:\/\/estudiomistermaster.com\/pt\/equipamento\/\" \/>\n<meta property=\"og:site_name\" content=\"Est\u00fadio Mister Master\" \/>\n<meta property=\"article:publisher\" content=\"https:\/\/www.facebook.com\/estudiomistermaster\" \/>\n<meta property=\"article:modified_time\" content=\"2025-10-01T11:39:37+00:00\" \/>\n<meta name=\"twitter:card\" content=\"summary_large_image\" \/>\n<meta name=\"twitter:site\" content=\"@RuiPedroDias\" \/>\n<meta name=\"twitter:label1\" content=\"Tempo estimado de leitura\" \/>\n\t<meta name=\"twitter:data1\" content=\"2 minutos\" \/>\n<script type=\"application\/ld+json\" class=\"yoast-schema-graph\">{\"@context\":\"https:\\\/\\\/schema.org\",\"@graph\":[{\"@type\":\"WebPage\",\"@id\":\"https:\\\/\\\/estudiomistermaster.com\\\/equipamento\\\/\",\"url\":\"https:\\\/\\\/estudiomistermaster.com\\\/equipamento\\\/\",\"name\":\"Equipamento de Masteriza\u00e7\u00e3o | Est\u00fadio Mister Master\",\"isPartOf\":{\"@id\":\"https:\\\/\\\/estudiomistermaster.com\\\/#website\"},\"datePublished\":\"2021-03-09T23:09:36+00:00\",\"dateModified\":\"2025-10-01T11:39:37+00:00\",\"description\":\"Descubre o equipamento de Masteriza\u00e7\u00e3o usado no Est\u00fadio Mister Master. Hardware e software de alt\u00edssima qualidade.\",\"breadcrumb\":{\"@id\":\"https:\\\/\\\/estudiomistermaster.com\\\/equipamento\\\/#breadcrumb\"},\"inLanguage\":\"pt-PT\",\"potentialAction\":[{\"@type\":\"ReadAction\",\"target\":[\"https:\\\/\\\/estudiomistermaster.com\\\/equipamento\\\/\"]}]},{\"@type\":\"BreadcrumbList\",\"@id\":\"https:\\\/\\\/estudiomistermaster.com\\\/equipamento\\\/#breadcrumb\",\"itemListElement\":[{\"@type\":\"ListItem\",\"position\":1,\"name\":\"Home\",\"item\":\"https:\\\/\\\/estudiomistermaster.com\\\/pt\\\/\"},{\"@type\":\"ListItem\",\"position\":2,\"name\":\"Equipamento\"}]},{\"@type\":\"WebSite\",\"@id\":\"https:\\\/\\\/estudiomistermaster.com\\\/#website\",\"url\":\"https:\\\/\\\/estudiomistermaster.com\\\/\",\"name\":\"Est\u00fadio Mister Master\",\"description\":\"Mastering Studio - Portugal\",\"publisher\":{\"@id\":\"https:\\\/\\\/estudiomistermaster.com\\\/#organization\"},\"potentialAction\":[{\"@type\":\"SearchAction\",\"target\":{\"@type\":\"EntryPoint\",\"urlTemplate\":\"https:\\\/\\\/estudiomistermaster.com\\\/?s={search_term_string}\"},\"query-input\":{\"@type\":\"PropertyValueSpecification\",\"valueRequired\":true,\"valueName\":\"search_term_string\"}}],\"inLanguage\":\"pt-PT\"},{\"@type\":\"Organization\",\"@id\":\"https:\\\/\\\/estudiomistermaster.com\\\/#organization\",\"name\":\"Est\u00fadio Mister Master\",\"url\":\"https:\\\/\\\/estudiomistermaster.com\\\/\",\"logo\":{\"@type\":\"ImageObject\",\"inLanguage\":\"pt-PT\",\"@id\":\"https:\\\/\\\/estudiomistermaster.com\\\/#\\\/schema\\\/logo\\\/image\\\/\",\"url\":\"https:\\\/\\\/estudiomistermaster.com\\\/wp-content\\\/uploads\\\/2024\\\/03\\\/cropped-Logo-retangular-sem-fundo-I.webp\",\"contentUrl\":\"https:\\\/\\\/estudiomistermaster.com\\\/wp-content\\\/uploads\\\/2024\\\/03\\\/cropped-Logo-retangular-sem-fundo-I.webp\",\"width\":400,\"height\":270,\"caption\":\"Est\u00fadio Mister Master\"},\"image\":{\"@id\":\"https:\\\/\\\/estudiomistermaster.com\\\/#\\\/schema\\\/logo\\\/image\\\/\"},\"sameAs\":[\"https:\\\/\\\/www.facebook.com\\\/estudiomistermaster\",\"https:\\\/\\\/x.com\\\/RuiPedroDias\",\"https:\\\/\\\/www.instagram.com\\\/estudiomistermaster\",\"https:\\\/\\\/www.linkedin.com\\\/in\\\/rui-dias-103a222b\",\"https:\\\/\\\/www.youtube.com\\\/playlist?list=PLbyjzd-8IbdWV7HLWFcVIfuF5yviM_eaX\"]}]}<\/script>\n<!-- \/ Yoast SEO plugin. -->","yoast_head_json":{"title":"Equipamento de Masteriza\u00e7\u00e3o | Est\u00fadio Mister Master","description":"Descubre o equipamento de Masteriza\u00e7\u00e3o usado no Est\u00fadio Mister Master. Hardware e software de alt\u00edssima qualidade.","robots":{"index":"index","follow":"follow","max-snippet":"max-snippet:-1","max-image-preview":"max-image-preview:large","max-video-preview":"max-video-preview:-1"},"canonical":"https:\/\/estudiomistermaster.com\/pt\/equipamento\/","og_locale":"pt_PT","og_type":"article","og_title":"Equipamento de Masteriza\u00e7\u00e3o | Est\u00fadio Mister Master","og_description":"Descubre o equipamento de Masteriza\u00e7\u00e3o usado no Est\u00fadio Mister Master. Hardware e software de alt\u00edssima qualidade.","og_url":"https:\/\/estudiomistermaster.com\/pt\/equipamento\/","og_site_name":"Est\u00fadio Mister Master","article_publisher":"https:\/\/www.facebook.com\/estudiomistermaster","article_modified_time":"2025-10-01T11:39:37+00:00","twitter_card":"summary_large_image","twitter_site":"@RuiPedroDias","twitter_misc":{"Tempo estimado de leitura":"2 minutos"},"schema":{"@context":"https:\/\/schema.org","@graph":[{"@type":"WebPage","@id":"https:\/\/estudiomistermaster.com\/equipamento\/","url":"https:\/\/estudiomistermaster.com\/equipamento\/","name":"Equipamento de Masteriza\u00e7\u00e3o | Est\u00fadio Mister Master","isPartOf":{"@id":"https:\/\/estudiomistermaster.com\/#website"},"datePublished":"2021-03-09T23:09:36+00:00","dateModified":"2025-10-01T11:39:37+00:00","description":"Descubre o equipamento de Masteriza\u00e7\u00e3o usado no Est\u00fadio Mister Master. Hardware e software de alt\u00edssima qualidade.","breadcrumb":{"@id":"https:\/\/estudiomistermaster.com\/equipamento\/#breadcrumb"},"inLanguage":"pt-PT","potentialAction":[{"@type":"ReadAction","target":["https:\/\/estudiomistermaster.com\/equipamento\/"]}]},{"@type":"BreadcrumbList","@id":"https:\/\/estudiomistermaster.com\/equipamento\/#breadcrumb","itemListElement":[{"@type":"ListItem","position":1,"name":"Home","item":"https:\/\/estudiomistermaster.com\/pt\/"},{"@type":"ListItem","position":2,"name":"Equipamento"}]},{"@type":"WebSite","@id":"https:\/\/estudiomistermaster.com\/#website","url":"https:\/\/estudiomistermaster.com\/","name":"Est\u00fadio Mister Master","description":"Mastering Studio - Portugal","publisher":{"@id":"https:\/\/estudiomistermaster.com\/#organization"},"potentialAction":[{"@type":"SearchAction","target":{"@type":"EntryPoint","urlTemplate":"https:\/\/estudiomistermaster.com\/?s={search_term_string}"},"query-input":{"@type":"PropertyValueSpecification","valueRequired":true,"valueName":"search_term_string"}}],"inLanguage":"pt-PT"},{"@type":"Organization","@id":"https:\/\/estudiomistermaster.com\/#organization","name":"Est\u00fadio Mister Master","url":"https:\/\/estudiomistermaster.com\/","logo":{"@type":"ImageObject","inLanguage":"pt-PT","@id":"https:\/\/estudiomistermaster.com\/#\/schema\/logo\/image\/","url":"https:\/\/estudiomistermaster.com\/wp-content\/uploads\/2024\/03\/cropped-Logo-retangular-sem-fundo-I.webp","contentUrl":"https:\/\/estudiomistermaster.com\/wp-content\/uploads\/2024\/03\/cropped-Logo-retangular-sem-fundo-I.webp","width":400,"height":270,"caption":"Est\u00fadio Mister Master"},"image":{"@id":"https:\/\/estudiomistermaster.com\/#\/schema\/logo\/image\/"},"sameAs":["https:\/\/www.facebook.com\/estudiomistermaster","https:\/\/x.com\/RuiPedroDias","https:\/\/www.instagram.com\/estudiomistermaster","https:\/\/www.linkedin.com\/in\/rui-dias-103a222b","https:\/\/www.youtube.com\/playlist?list=PLbyjzd-8IbdWV7HLWFcVIfuF5yviM_eaX"]}]}},"_links":{"self":[{"href":"https:\/\/estudiomistermaster.com\/pt\/wp-json\/wp\/v2\/pages\/603","targetHints":{"allow":["GET"]}}],"collection":[{"href":"https:\/\/estudiomistermaster.com\/pt\/wp-json\/wp\/v2\/pages"}],"about":[{"href":"https:\/\/estudiomistermaster.com\/pt\/wp-json\/wp\/v2\/types\/page"}],"author":[{"embeddable":true,"href":"https:\/\/estudiomistermaster.com\/pt\/wp-json\/wp\/v2\/users\/1"}],"replies":[{"embeddable":true,"href":"https:\/\/estudiomistermaster.com\/pt\/wp-json\/wp\/v2\/comments?post=603"}],"version-history":[{"count":0,"href":"https:\/\/estudiomistermaster.com\/pt\/wp-json\/wp\/v2\/pages\/603\/revisions"}],"wp:attachment":[{"href":"https:\/\/estudiomistermaster.com\/pt\/wp-json\/wp\/v2\/media?parent=603"}],"curies":[{"name":"wp","href":"https:\/\/api.w.org\/{rel}","templated":true}]}}