{"id":8399,"date":"2023-03-26T17:55:11","date_gmt":"2023-03-26T17:55:11","guid":{"rendered":"https:\/\/estudiomistermaster.com\/?page_id=8399"},"modified":"2025-05-06T18:08:05","modified_gmt":"2025-05-06T18:08:05","slug":"obrigado","status":"publish","type":"page","link":"https:\/\/estudiomistermaster.com\/en\/obrigado\/","title":{"rendered":"Obrigado"},"content":{"rendered":"<div data-elementor-type=\"wp-page\" data-elementor-id=\"8399\" class=\"elementor elementor-8399\">\n\t\t\t\t<div class=\"elementor-element elementor-element-1e62ecc e-flex e-con-boxed e-con e-parent\" data-id=\"1e62ecc\" data-element_type=\"container\" data-e-type=\"container\" data-settings=\"{&quot;background_background&quot;:&quot;gradient&quot;}\">\n\t\t\t\t\t<div class=\"e-con-inner\">\n\t\t<div class=\"elementor-element elementor-element-0a10fc6 e-con-full e-flex e-con e-child\" data-id=\"0a10fc6\" data-element_type=\"container\" data-e-type=\"container\">\n\t\t\t\t<div class=\"elementor-element elementor-element-659a2f0 elementor-view-default elementor-widget elementor-widget-icon\" data-id=\"659a2f0\" data-element_type=\"widget\" data-e-type=\"widget\" data-widget_type=\"icon.default\">\n\t\t\t\t\t\t\t<div class=\"elementor-icon-wrapper\">\n\t\t\t<div class=\"elementor-icon\">\n\t\t\t<svg aria-hidden=\"true\" class=\"e-font-icon-svg e-fas-thumbs-up\" viewbox=\"0 0 512 512\" xmlns=\"http:\/\/www.w3.org\/2000\/svg\"><path d=\"M104 224H24c-13.255 0-24 10.745-24 24v240c0 13.255 10.745 24 24 24h80c13.255 0 24-10.745 24-24V248c0-13.255-10.745-24-24-24zM64 472c-13.255 0-24-10.745-24-24s10.745-24 24-24 24 10.745 24 24-10.745 24-24 24zM384 81.452c0 42.416-25.97 66.208-33.277 94.548h101.723c33.397 0 59.397 27.746 59.553 58.098.084 17.938-7.546 37.249-19.439 49.197l-.11.11c9.836 23.337 8.237 56.037-9.308 79.469 8.681 25.895-.069 57.704-16.382 74.757 4.298 17.598 2.244 32.575-6.148 44.632C440.202 511.587 389.616 512 346.839 512l-2.845-.001c-48.287-.017-87.806-17.598-119.56-31.725-15.957-7.099-36.821-15.887-52.651-16.178-6.54-.12-11.783-5.457-11.783-11.998v-213.77c0-3.2 1.282-6.271 3.558-8.521 39.614-39.144 56.648-80.587 89.117-113.111 14.804-14.832 20.188-37.236 25.393-58.902C282.515 39.293 291.817 0 312 0c24 0 72 8 72 81.452z\"><\/path><\/svg>\t\t\t<\/div>\n\t\t<\/div>\n\t\t\t\t\t\t<\/div>\n\t\t\t\t<\/div>\n\t\t<div class=\"elementor-element elementor-element-4fbd6fa e-con-full e-flex e-con e-child\" data-id=\"4fbd6fa\" data-element_type=\"container\" data-e-type=\"container\">\n\t\t\t\t<div class=\"elementor-element elementor-element-5cc4b51 elementor-widget elementor-widget-heading\" data-id=\"5cc4b51\" data-element_type=\"widget\" data-e-type=\"widget\" data-widget_type=\"heading.default\">\n\t\t\t\t\t<h2 class=\"elementor-heading-title elementor-size-default\">Audio Files Successfully Received.<\/h2>\t\t\t\t<\/div>\n\t\t\t\t<div class=\"elementor-element elementor-element-cb6f901 elementor-widget elementor-widget-text-editor\" data-id=\"cb6f901\" data-element_type=\"widget\" data-e-type=\"widget\" data-widget_type=\"text-editor.default\">\n\t\t\t\t\t\t\t\t\t<p><span style=\"color: #ffffff;\">Tudo pronto para iniciar a Masteriza\u00e7\u00e3o do teu projecto.<\/span><br \/><span style=\"color: #ffffff;\">Entrarei em contacto contigo com a maior brevidade poss\u00edvel.<\/span><br \/><span style=\"color: #ffffff;\">Thanks a lot!<\/span><\/p>\t\t\t\t\t\t\t\t<\/div>\n\t\t\t\t<div class=\"elementor-element elementor-element-c76b1bd elementor-widget elementor-widget-text-editor\" data-id=\"c76b1bd\" data-element_type=\"widget\" data-e-type=\"widget\" data-widget_type=\"text-editor.default\">\n\t\t\t\t\t\t\t\t\t<p style=\"text-align: center;\"><span style=\"color: #ffffff;\">Rui Dias<br \/><\/span><\/p>\t\t\t\t\t\t\t\t<\/div>\n\t\t\t\t<\/div>\n\t\t<div class=\"elementor-element elementor-element-f673360 e-con-full e-flex e-con e-child\" data-id=\"f673360\" data-element_type=\"container\" data-e-type=\"container\">\n\t\t\t\t<div class=\"elementor-element elementor-element-0bb6a17 elementor-align-center elementor-widget elementor-widget-button\" data-id=\"0bb6a17\" data-element_type=\"widget\" data-e-type=\"widget\" data-widget_type=\"button.default\">\n\t\t\t\t\t\t\t\t\t\t<a class=\"elementor-button elementor-button-link elementor-size-sm\" href=\"https:\/\/estudiomistermaster.com\/en\/enviar\/\">\n\t\t\t\t\t\t<span class=\"elementor-button-content-wrapper\">\n\t\t\t\t\t\t\t\t\t<span class=\"elementor-button-text\">Enviar Mais Ficheiros<\/span>\n\t\t\t\t\t<\/span>\n\t\t\t\t\t<\/a>\n\t\t\t\t\t\t\t\t<\/div>\n\t\t\t\t<\/div>\n\t\t\t\t\t<\/div>\n\t\t\t\t<\/div>\n\t\t\t\t<\/div>","protected":false},"excerpt":{"rendered":"<p>Ficheiros de \u00c1udio Recebidos Com Sucesso. Tudo pronto para iniciar a Masteriza\u00e7\u00e3o do teu projecto.Entrarei em contacto contigo com a maior brevidade poss\u00edvel.Muito obrigado e at\u00e9 j\u00e1! Rui Dias Enviar Mais Ficheiros<\/p>","protected":false},"author":1,"featured_media":0,"parent":0,"menu_order":0,"comment_status":"closed","ping_status":"closed","template":"","meta":{"nf_dc_page":"","site-sidebar-layout":"no-sidebar","site-content-layout":"page-builder","ast-site-content-layout":"default","site-content-style":"default","site-sidebar-style":"default","ast-global-header-display":"","ast-banner-title-visibility":"","ast-main-header-display":"","ast-hfb-above-header-display":"","ast-hfb-below-header-display":"","ast-hfb-mobile-header-display":"","site-post-title":"disabled","ast-breadcrumbs-content":"","ast-featured-img":"","footer-sml-layout":"","ast-disable-related-posts":"","theme-transparent-header-meta":"enabled","adv-header-id-meta":"","stick-header-meta":"","header-above-stick-meta":"","header-main-stick-meta":"","header-below-stick-meta":"","astra-migrate-meta-layouts":"default","ast-page-background-enabled":"default","ast-page-background-meta":{"desktop":{"background-color":"","background-image":"","background-repeat":"repeat","background-position":"center center","background-size":"auto","background-attachment":"scroll","background-type":"","background-media":"","overlay-type":"","overlay-color":"","overlay-opacity":"","overlay-gradient":""},"tablet":{"background-color":"","background-image":"","background-repeat":"repeat","background-position":"center center","background-size":"auto","background-attachment":"scroll","background-type":"","background-media":"","overlay-type":"","overlay-color":"","overlay-opacity":"","overlay-gradient":""},"mobile":{"background-color":"","background-image":"","background-repeat":"repeat","background-position":"center center","background-size":"auto","background-attachment":"scroll","background-type":"","background-media":"","overlay-type":"","overlay-color":"","overlay-opacity":"","overlay-gradient":""}},"ast-content-background-meta":{"desktop":{"background-color":"var(--ast-global-color-5)","background-image":"","background-repeat":"repeat","background-position":"center center","background-size":"auto","background-attachment":"scroll","background-type":"","background-media":"","overlay-type":"","overlay-color":"","overlay-opacity":"","overlay-gradient":""},"tablet":{"background-color":"var(--ast-global-color-5)","background-image":"","background-repeat":"repeat","background-position":"center center","background-size":"auto","background-attachment":"scroll","background-type":"","background-media":"","overlay-type":"","overlay-color":"","overlay-opacity":"","overlay-gradient":""},"mobile":{"background-color":"var(--ast-global-color-5)","background-image":"","background-repeat":"repeat","background-position":"center center","background-size":"auto","background-attachment":"scroll","background-type":"","background-media":"","overlay-type":"","overlay-color":"","overlay-opacity":"","overlay-gradient":""}},"footnotes":""},"class_list":["post-8399","page","type-page","status-publish","hentry"],"yoast_head":"<!-- This site is optimized with the Yoast SEO plugin v27.6 - https:\/\/yoast.com\/product\/yoast-seo-wordpress\/ -->\n<title>Obrigado - Est\u00fadio Mister Master<\/title>\n<meta name=\"robots\" content=\"index, follow, max-snippet:-1, max-image-preview:large, max-video-preview:-1\" \/>\n<link rel=\"canonical\" href=\"https:\/\/estudiomistermaster.com\/en\/obrigado\/\" \/>\n<meta property=\"og:locale\" content=\"en_GB\" \/>\n<meta property=\"og:type\" content=\"article\" \/>\n<meta property=\"og:title\" content=\"Obrigado - Est\u00fadio Mister Master\" \/>\n<meta property=\"og:description\" content=\"Ficheiros de \u00c1udio Recebidos Com Sucesso. Tudo pronto para iniciar a Masteriza\u00e7\u00e3o do teu projecto.Entrarei em contacto contigo com a maior brevidade poss\u00edvel.Muito obrigado e at\u00e9 j\u00e1! Rui Dias Enviar Mais Ficheiros\" \/>\n<meta property=\"og:url\" content=\"https:\/\/estudiomistermaster.com\/en\/obrigado\/\" \/>\n<meta property=\"og:site_name\" content=\"Est\u00fadio Mister Master\" \/>\n<meta property=\"article:publisher\" content=\"https:\/\/www.facebook.com\/estudiomistermaster\" \/>\n<meta property=\"article:modified_time\" content=\"2025-05-06T18:08:05+00:00\" \/>\n<meta name=\"twitter:card\" content=\"summary_large_image\" \/>\n<meta name=\"twitter:site\" content=\"@RuiPedroDias\" \/>\n<meta name=\"twitter:label1\" content=\"Estimated reading time\" \/>\n\t<meta name=\"twitter:data1\" content=\"1 minute\" \/>\n<script type=\"application\/ld+json\" class=\"yoast-schema-graph\">{\"@context\":\"https:\\\/\\\/schema.org\",\"@graph\":[{\"@type\":\"WebPage\",\"@id\":\"https:\\\/\\\/estudiomistermaster.com\\\/obrigado\\\/\",\"url\":\"https:\\\/\\\/estudiomistermaster.com\\\/obrigado\\\/\",\"name\":\"Obrigado - Est\u00fadio Mister Master\",\"isPartOf\":{\"@id\":\"https:\\\/\\\/estudiomistermaster.com\\\/#website\"},\"datePublished\":\"2023-03-26T17:55:11+00:00\",\"dateModified\":\"2025-05-06T18:08:05+00:00\",\"breadcrumb\":{\"@id\":\"https:\\\/\\\/estudiomistermaster.com\\\/obrigado\\\/#breadcrumb\"},\"inLanguage\":\"en-GB\",\"potentialAction\":[{\"@type\":\"ReadAction\",\"target\":[\"https:\\\/\\\/estudiomistermaster.com\\\/obrigado\\\/\"]}]},{\"@type\":\"BreadcrumbList\",\"@id\":\"https:\\\/\\\/estudiomistermaster.com\\\/obrigado\\\/#breadcrumb\",\"itemListElement\":[{\"@type\":\"ListItem\",\"position\":1,\"name\":\"Home\",\"item\":\"https:\\\/\\\/estudiomistermaster.com\\\/\"},{\"@type\":\"ListItem\",\"position\":2,\"name\":\"Obrigado\"}]},{\"@type\":\"WebSite\",\"@id\":\"https:\\\/\\\/estudiomistermaster.com\\\/#website\",\"url\":\"https:\\\/\\\/estudiomistermaster.com\\\/\",\"name\":\"Est\u00fadio Mister Master\",\"description\":\"Mastering Studio - Portugal\",\"publisher\":{\"@id\":\"https:\\\/\\\/estudiomistermaster.com\\\/#organization\"},\"potentialAction\":[{\"@type\":\"SearchAction\",\"target\":{\"@type\":\"EntryPoint\",\"urlTemplate\":\"https:\\\/\\\/estudiomistermaster.com\\\/?s={search_term_string}\"},\"query-input\":{\"@type\":\"PropertyValueSpecification\",\"valueRequired\":true,\"valueName\":\"search_term_string\"}}],\"inLanguage\":\"en-GB\"},{\"@type\":\"Organization\",\"@id\":\"https:\\\/\\\/estudiomistermaster.com\\\/#organization\",\"name\":\"Est\u00fadio Mister Master\",\"url\":\"https:\\\/\\\/estudiomistermaster.com\\\/\",\"logo\":{\"@type\":\"ImageObject\",\"inLanguage\":\"en-GB\",\"@id\":\"https:\\\/\\\/estudiomistermaster.com\\\/#\\\/schema\\\/logo\\\/image\\\/\",\"url\":\"https:\\\/\\\/estudiomistermaster.com\\\/wp-content\\\/uploads\\\/2024\\\/03\\\/cropped-Logo-retangular-sem-fundo-I.webp\",\"contentUrl\":\"https:\\\/\\\/estudiomistermaster.com\\\/wp-content\\\/uploads\\\/2024\\\/03\\\/cropped-Logo-retangular-sem-fundo-I.webp\",\"width\":400,\"height\":270,\"caption\":\"Est\u00fadio Mister Master\"},\"image\":{\"@id\":\"https:\\\/\\\/estudiomistermaster.com\\\/#\\\/schema\\\/logo\\\/image\\\/\"},\"sameAs\":[\"https:\\\/\\\/www.facebook.com\\\/estudiomistermaster\",\"https:\\\/\\\/x.com\\\/RuiPedroDias\",\"https:\\\/\\\/www.instagram.com\\\/estudiomistermaster\",\"https:\\\/\\\/www.linkedin.com\\\/in\\\/rui-dias-103a222b\",\"https:\\\/\\\/www.youtube.com\\\/playlist?list=PLbyjzd-8IbdWV7HLWFcVIfuF5yviM_eaX\"]}]}<\/script>\n<!-- \/ Yoast SEO plugin. -->","yoast_head_json":{"title":"Obrigado - Est\u00fadio Mister Master","robots":{"index":"index","follow":"follow","max-snippet":"max-snippet:-1","max-image-preview":"max-image-preview:large","max-video-preview":"max-video-preview:-1"},"canonical":"https:\/\/estudiomistermaster.com\/en\/obrigado\/","og_locale":"en_GB","og_type":"article","og_title":"Obrigado - Est\u00fadio Mister Master","og_description":"Ficheiros de \u00c1udio Recebidos Com Sucesso. Tudo pronto para iniciar a Masteriza\u00e7\u00e3o do teu projecto.Entrarei em contacto contigo com a maior brevidade poss\u00edvel.Muito obrigado e at\u00e9 j\u00e1! Rui Dias Enviar Mais Ficheiros","og_url":"https:\/\/estudiomistermaster.com\/en\/obrigado\/","og_site_name":"Est\u00fadio Mister Master","article_publisher":"https:\/\/www.facebook.com\/estudiomistermaster","article_modified_time":"2025-05-06T18:08:05+00:00","twitter_card":"summary_large_image","twitter_site":"@RuiPedroDias","twitter_misc":{"Estimated reading time":"1 minute"},"schema":{"@context":"https:\/\/schema.org","@graph":[{"@type":"WebPage","@id":"https:\/\/estudiomistermaster.com\/obrigado\/","url":"https:\/\/estudiomistermaster.com\/obrigado\/","name":"Obrigado - Est\u00fadio Mister Master","isPartOf":{"@id":"https:\/\/estudiomistermaster.com\/#website"},"datePublished":"2023-03-26T17:55:11+00:00","dateModified":"2025-05-06T18:08:05+00:00","breadcrumb":{"@id":"https:\/\/estudiomistermaster.com\/obrigado\/#breadcrumb"},"inLanguage":"en-GB","potentialAction":[{"@type":"ReadAction","target":["https:\/\/estudiomistermaster.com\/obrigado\/"]}]},{"@type":"BreadcrumbList","@id":"https:\/\/estudiomistermaster.com\/obrigado\/#breadcrumb","itemListElement":[{"@type":"ListItem","position":1,"name":"Home","item":"https:\/\/estudiomistermaster.com\/"},{"@type":"ListItem","position":2,"name":"Obrigado"}]},{"@type":"WebSite","@id":"https:\/\/estudiomistermaster.com\/#website","url":"https:\/\/estudiomistermaster.com\/","name":"Mister Master Studio","description":"Mastering Studio - Portugal","publisher":{"@id":"https:\/\/estudiomistermaster.com\/#organization"},"potentialAction":[{"@type":"SearchAction","target":{"@type":"EntryPoint","urlTemplate":"https:\/\/estudiomistermaster.com\/?s={search_term_string}"},"query-input":{"@type":"PropertyValueSpecification","valueRequired":true,"valueName":"search_term_string"}}],"inLanguage":"en-GB"},{"@type":"Organization","@id":"https:\/\/estudiomistermaster.com\/#organization","name":"Mister Master Studio","url":"https:\/\/estudiomistermaster.com\/","logo":{"@type":"ImageObject","inLanguage":"en-GB","@id":"https:\/\/estudiomistermaster.com\/#\/schema\/logo\/image\/","url":"https:\/\/estudiomistermaster.com\/wp-content\/uploads\/2024\/03\/cropped-Logo-retangular-sem-fundo-I.webp","contentUrl":"https:\/\/estudiomistermaster.com\/wp-content\/uploads\/2024\/03\/cropped-Logo-retangular-sem-fundo-I.webp","width":400,"height":270,"caption":"Est\u00fadio Mister Master"},"image":{"@id":"https:\/\/estudiomistermaster.com\/#\/schema\/logo\/image\/"},"sameAs":["https:\/\/www.facebook.com\/estudiomistermaster","https:\/\/x.com\/RuiPedroDias","https:\/\/www.instagram.com\/estudiomistermaster","https:\/\/www.linkedin.com\/in\/rui-dias-103a222b","https:\/\/www.youtube.com\/playlist?list=PLbyjzd-8IbdWV7HLWFcVIfuF5yviM_eaX"]}]}},"_links":{"self":[{"href":"https:\/\/estudiomistermaster.com\/en\/wp-json\/wp\/v2\/pages\/8399","targetHints":{"allow":["GET"]}}],"collection":[{"href":"https:\/\/estudiomistermaster.com\/en\/wp-json\/wp\/v2\/pages"}],"about":[{"href":"https:\/\/estudiomistermaster.com\/en\/wp-json\/wp\/v2\/types\/page"}],"author":[{"embeddable":true,"href":"https:\/\/estudiomistermaster.com\/en\/wp-json\/wp\/v2\/users\/1"}],"replies":[{"embeddable":true,"href":"https:\/\/estudiomistermaster.com\/en\/wp-json\/wp\/v2\/comments?post=8399"}],"version-history":[{"count":0,"href":"https:\/\/estudiomistermaster.com\/en\/wp-json\/wp\/v2\/pages\/8399\/revisions"}],"wp:attachment":[{"href":"https:\/\/estudiomistermaster.com\/en\/wp-json\/wp\/v2\/media?parent=8399"}],"curies":[{"name":"wp","href":"https:\/\/api.w.org\/{rel}","templated":true}]}}