{"id":8346,"date":"2023-03-25T17:01:09","date_gmt":"2023-03-25T17:01:09","guid":{"rendered":"https:\/\/estudiomistermaster.com\/?page_id=8346"},"modified":"2025-10-01T16:10:25","modified_gmt":"2025-10-01T16:10:25","slug":"enviar-audio-masterizacao","status":"publish","type":"page","link":"https:\/\/estudiomistermaster.com\/en\/enviar-audio-masterizacao\/","title":{"rendered":"Upload Files"},"content":{"rendered":"<div data-elementor-type=\"wp-page\" data-elementor-id=\"8346\" class=\"elementor elementor-8346\">\n\t\t\t\t<div class=\"elementor-element elementor-element-4364311 e-con-full e-flex e-con e-parent\" data-id=\"4364311\" data-element_type=\"container\" data-e-type=\"container\" data-settings=\"{&quot;background_background&quot;:&quot;gradient&quot;}\">\n\t\t<div class=\"elementor-element elementor-element-510225d e-con-full e-flex e-con e-child\" data-id=\"510225d\" data-element_type=\"container\" data-e-type=\"container\" data-settings=\"{&quot;background_background&quot;:&quot;gradient&quot;}\">\n\t\t\t\t<div class=\"elementor-element elementor-element-7523652 elementor-widget elementor-widget-image\" data-id=\"7523652\" data-element_type=\"widget\" data-e-type=\"widget\" data-widget_type=\"image.default\">\n\t\t\t\t\t\t\t\t\t\t\t\t\t\t\t\t<a href=\"https:\/\/estudiomistermaster.com\/en\/\">\n\t\t\t\t\t\t\t<img decoding=\"async\" width=\"150\" height=\"150\" src=\"https:\/\/estudiomistermaster.com\/wp-content\/uploads\/2023\/01\/Logotipo-2020-Quadrado.webp\" class=\"attachment-large size-large wp-image-7027\" alt=\"Est\u00fadio Mister Master\" srcset=\"https:\/\/estudiomistermaster.com\/wp-content\/uploads\/2023\/01\/Logotipo-2020-Quadrado.webp 150w, https:\/\/estudiomistermaster.com\/wp-content\/uploads\/2023\/01\/Logotipo-2020-Quadrado-12x12.webp 12w\" sizes=\"(max-width: 150px) 100vw, 150px\" \/>\t\t\t\t\t\t\t\t<\/a>\n\t\t\t\t\t\t\t\t\t\t\t\t\t\t\t<\/div>\n\t\t\t\t<\/div>\n\t\t<div class=\"elementor-element elementor-element-78c60ea e-con-full e-flex e-con e-child\" data-id=\"78c60ea\" data-element_type=\"container\" data-e-type=\"container\" data-settings=\"{&quot;background_background&quot;:&quot;gradient&quot;}\">\n\t\t\t\t<div class=\"elementor-element elementor-element-07e97e9 elementor-widget elementor-widget-heading\" data-id=\"07e97e9\" data-element_type=\"widget\" data-e-type=\"widget\" data-widget_type=\"heading.default\">\n\t\t\t\t\t<h2 class=\"elementor-heading-title elementor-size-default\">Upload Your Files For Mastering<\/h2>\t\t\t\t<\/div>\n\t\t\t\t<div class=\"elementor-element elementor-element-cc1c28e elementor-widget elementor-widget-text-editor\" data-id=\"cc1c28e\" data-element_type=\"widget\" data-e-type=\"widget\" data-widget_type=\"text-editor.default\">\n\t\t\t\t\t\t\t\t\t<span style=\"color: #ffffff;\">In order to proceed with the mastering of your project, please also send me the following information in the message field:<\/span>\t\t\t\t\t\t\t\t<\/div>\n\t\t\t\t<div class=\"elementor-element elementor-element-60da170 elementor-widget elementor-widget-text-editor\" data-id=\"60da170\" data-element_type=\"widget\" data-e-type=\"widget\" data-widget_type=\"text-editor.default\">\n\t\t\t\t\t\t\t\t\t<span style=\"color: #96f961;\">1 &#8211;<\/span> Name of the album\/EP\/Single\n<span style=\"color: #96f961;\"><br>2 &#8211;<\/span> Name of the artist\n<span style=\"color: #96f961;\"><br>3 &#8211;<\/span> Final song sequence with final titles (with accents and punctuation)\n<span style=\"color: #96f961;\"><br>4 &#8211;<\/span> Feat. or special participations (per track, if any \/ if not, ignore it)\n<span style=\"color: #96f961;\"><br>5 &#8211;<\/span> Authors and composers (per track \/ only if you want it to be mentioned in the CD-Text)\n<span style=\"color: #96f961;\"><br>6 &#8211;<\/span> Barcode UPC (if present on the CD artwork \/ if not, ignore it)\n<span style=\"color: #96f961;\"><br>7 &#8211; <\/span>ISRC codes (If you don't have an ISRC code yet, you can request it in Portugal directly to <a href=\"https:\/\/portal.audiogest.pt\/LandingPageISRC\" target=\"_blank\" rel=\"noopener\"><span style=\"color: #96f961;\">&#8220;Audiogest&#8221; <\/span><\/a>, for free.)\t\t\t\t\t\t\t\t<\/div>\n\t\t\t\t<div class=\"elementor-element elementor-element-6baeb12 elementor-widget elementor-widget-text-editor\" data-id=\"6baeb12\" data-element_type=\"widget\" data-e-type=\"widget\" data-widget_type=\"text-editor.default\">\n\t\t\t\t\t\t\t\t\t<span style=\"color: #ffffff;\">Note: Please remember to keep your Wav files with the same resolution of your mix (no Sample Rate or Bit Depth conversions).<\/span>\t\t\t\t\t\t\t\t<\/div>\n\t\t\t\t<\/div>\n\t\t\t\t<\/div>\n\t\t<div class=\"elementor-element elementor-element-c860f6b e-con-full e-flex e-con e-parent\" data-id=\"c860f6b\" data-element_type=\"container\" data-e-type=\"container\" data-settings=\"{&quot;background_background&quot;:&quot;classic&quot;}\">\n\t\t\t\t<div class=\"elementor-element elementor-element-ed2d35c elementor-widget__width-initial elementor-widget-mobile__width-initial samply e-transform e-transform e-transform elementor-widget-tablet__width-initial elementor-widget elementor-widget-html\" data-id=\"ed2d35c\" data-element_type=\"widget\" data-e-type=\"widget\" data-settings=\"{&quot;_transform_scale_effect&quot;:{&quot;unit&quot;:&quot;px&quot;,&quot;size&quot;:1,&quot;sizes&quot;:[]},&quot;_transform_rotateZ_effect&quot;:{&quot;unit&quot;:&quot;px&quot;,&quot;size&quot;:&quot;&quot;,&quot;sizes&quot;:[]},&quot;_transform_rotateZ_effect_tablet&quot;:{&quot;unit&quot;:&quot;deg&quot;,&quot;size&quot;:&quot;&quot;,&quot;sizes&quot;:[]},&quot;_transform_rotateZ_effect_mobile&quot;:{&quot;unit&quot;:&quot;deg&quot;,&quot;size&quot;:&quot;&quot;,&quot;sizes&quot;:[]},&quot;_transform_translateX_effect&quot;:{&quot;unit&quot;:&quot;px&quot;,&quot;size&quot;:&quot;&quot;,&quot;sizes&quot;:[]},&quot;_transform_translateX_effect_tablet&quot;:{&quot;unit&quot;:&quot;px&quot;,&quot;size&quot;:&quot;&quot;,&quot;sizes&quot;:[]},&quot;_transform_translateX_effect_mobile&quot;:{&quot;unit&quot;:&quot;px&quot;,&quot;size&quot;:&quot;&quot;,&quot;sizes&quot;:[]},&quot;_transform_translateY_effect&quot;:{&quot;unit&quot;:&quot;px&quot;,&quot;size&quot;:&quot;&quot;,&quot;sizes&quot;:[]},&quot;_transform_translateY_effect_tablet&quot;:{&quot;unit&quot;:&quot;px&quot;,&quot;size&quot;:&quot;&quot;,&quot;sizes&quot;:[]},&quot;_transform_translateY_effect_mobile&quot;:{&quot;unit&quot;:&quot;px&quot;,&quot;size&quot;:&quot;&quot;,&quot;sizes&quot;:[]},&quot;_transform_scale_effect_tablet&quot;:{&quot;unit&quot;:&quot;px&quot;,&quot;size&quot;:&quot;&quot;,&quot;sizes&quot;:[]},&quot;_transform_scale_effect_mobile&quot;:{&quot;unit&quot;:&quot;px&quot;,&quot;size&quot;:&quot;&quot;,&quot;sizes&quot;:[]}}\" data-widget_type=\"html.default\">\n\t\t\t\t\t<iframe \n  src=\"https:\/\/samply.app\/project\/AbSgtqYbLZYyEHUdcgff\/upload\/embed\"\n  style=\"border: none; margin-left: -4px; margin-right: -4px;\"\n  allowtransparency=\"true\"\n  width=\"512\"\n  height=\"512\"\n  \n><\/iframe>\n\n\t\t\t\t<\/div>\n\t\t\t\t<\/div>\n\t\t\t\t<\/div>","protected":false},"excerpt":{"rendered":"<p>Envia Os Teus Ficheiros Para Masterizar De forma a dar seguimento \u00e0 Masteriza\u00e7\u00e3o do teu trabalho, pe\u00e7o que me envies a seguinte informa\u00e7\u00e3o, no campo da mensagem:1 &#8211; Nome do \u00e1lbum\/EP 2 &#8211; Nome do artista 3 &#8211; Alinhamento com os t\u00edtulos finais e definitivos (com acentos e pontua\u00e7\u00e3o) 4 &#8211; Feat. ou Participa\u00e7\u00f5es Especiais [&hellip;]<\/p>\n","protected":false},"author":1,"featured_media":0,"parent":0,"menu_order":0,"comment_status":"closed","ping_status":"closed","template":"","meta":{"nf_dc_page":"","site-sidebar-layout":"no-sidebar","site-content-layout":"page-builder","ast-site-content-layout":"full-width-container","site-content-style":"unboxed","site-sidebar-style":"unboxed","ast-global-header-display":"","ast-banner-title-visibility":"","ast-main-header-display":"","ast-hfb-above-header-display":"","ast-hfb-below-header-display":"","ast-hfb-mobile-header-display":"","site-post-title":"disabled","ast-breadcrumbs-content":"","ast-featured-img":"","footer-sml-layout":"","ast-disable-related-posts":"","theme-transparent-header-meta":"enabled","adv-header-id-meta":"","stick-header-meta":"","header-above-stick-meta":"","header-main-stick-meta":"","header-below-stick-meta":"","astra-migrate-meta-layouts":"set","ast-page-background-enabled":"default","ast-page-background-meta":{"desktop":{"background-color":"","background-image":"","background-repeat":"repeat","background-position":"center center","background-size":"auto","background-attachment":"scroll","background-type":"","background-media":"","overlay-type":"","overlay-color":"","overlay-opacity":"","overlay-gradient":""},"tablet":{"background-color":"","background-image":"","background-repeat":"repeat","background-position":"center center","background-size":"auto","background-attachment":"scroll","background-type":"","background-media":"","overlay-type":"","overlay-color":"","overlay-opacity":"","overlay-gradient":""},"mobile":{"background-color":"","background-image":"","background-repeat":"repeat","background-position":"center center","background-size":"auto","background-attachment":"scroll","background-type":"","background-media":"","overlay-type":"","overlay-color":"","overlay-opacity":"","overlay-gradient":""}},"ast-content-background-meta":{"desktop":{"background-color":"var(--ast-global-color-5)","background-image":"","background-repeat":"repeat","background-position":"center center","background-size":"auto","background-attachment":"scroll","background-type":"","background-media":"","overlay-type":"","overlay-color":"","overlay-opacity":"","overlay-gradient":""},"tablet":{"background-color":"var(--ast-global-color-5)","background-image":"","background-repeat":"repeat","background-position":"center center","background-size":"auto","background-attachment":"scroll","background-type":"","background-media":"","overlay-type":"","overlay-color":"","overlay-opacity":"","overlay-gradient":""},"mobile":{"background-color":"var(--ast-global-color-5)","background-image":"","background-repeat":"repeat","background-position":"center center","background-size":"auto","background-attachment":"scroll","background-type":"","background-media":"","overlay-type":"","overlay-color":"","overlay-opacity":"","overlay-gradient":""}},"footnotes":""},"class_list":["post-8346","page","type-page","status-publish","hentry"],"yoast_head":"<!-- This site is optimized with the Yoast SEO plugin v27.4 - https:\/\/yoast.com\/product\/yoast-seo-wordpress\/ -->\n<title>Enviar \u00e1udio para Masteriza\u00e7\u00e3o | Est\u00fadio Mister Master<\/title>\n<meta name=\"description\" content=\"Envia os teus ficheiros de \u00e1udio para masteriza\u00e7\u00e3o, atrav\u00e9s do formul\u00e1rio do Est\u00fadio Mister Master. Com instru\u00e7\u00f5es de envio.\" \/>\n<meta name=\"robots\" content=\"index, follow, max-snippet:-1, max-image-preview:large, max-video-preview:-1\" \/>\n<link rel=\"canonical\" href=\"https:\/\/estudiomistermaster.com\/en\/enviar-audio-masterizacao\/\" \/>\n<meta property=\"og:locale\" content=\"en_GB\" \/>\n<meta property=\"og:type\" content=\"article\" \/>\n<meta property=\"og:title\" content=\"Enviar \u00e1udio para Masteriza\u00e7\u00e3o | Est\u00fadio Mister Master\" \/>\n<meta property=\"og:description\" content=\"Envia os teus ficheiros de \u00e1udio para masteriza\u00e7\u00e3o, atrav\u00e9s do formul\u00e1rio do Est\u00fadio Mister Master. Com instru\u00e7\u00f5es de envio.\" \/>\n<meta property=\"og:url\" content=\"https:\/\/estudiomistermaster.com\/en\/enviar-audio-masterizacao\/\" \/>\n<meta property=\"og:site_name\" content=\"Est\u00fadio Mister Master\" \/>\n<meta property=\"article:publisher\" content=\"https:\/\/www.facebook.com\/estudiomistermaster\" \/>\n<meta property=\"article:modified_time\" content=\"2025-10-01T16:10:25+00:00\" \/>\n<meta property=\"og:image\" content=\"https:\/\/estudiomistermaster.com\/wp-content\/uploads\/2023\/01\/Logotipo-2020-Quadrado.webp\" \/>\n\t<meta property=\"og:image:width\" content=\"150\" \/>\n\t<meta property=\"og:image:height\" content=\"150\" \/>\n\t<meta property=\"og:image:type\" content=\"image\/webp\" \/>\n<meta name=\"twitter:card\" content=\"summary_large_image\" \/>\n<meta name=\"twitter:site\" content=\"@RuiPedroDias\" \/>\n<meta name=\"twitter:label1\" content=\"Estimated reading time\" \/>\n\t<meta name=\"twitter:data1\" content=\"1 minute\" \/>\n<script type=\"application\/ld+json\" class=\"yoast-schema-graph\">{\"@context\":\"https:\\\/\\\/schema.org\",\"@graph\":[{\"@type\":\"WebPage\",\"@id\":\"https:\\\/\\\/estudiomistermaster.com\\\/enviar-audio-masterizacao\\\/\",\"url\":\"https:\\\/\\\/estudiomistermaster.com\\\/enviar-audio-masterizacao\\\/\",\"name\":\"Enviar \u00e1udio para Masteriza\u00e7\u00e3o | Est\u00fadio Mister Master\",\"isPartOf\":{\"@id\":\"https:\\\/\\\/estudiomistermaster.com\\\/#website\"},\"primaryImageOfPage\":{\"@id\":\"https:\\\/\\\/estudiomistermaster.com\\\/enviar-audio-masterizacao\\\/#primaryimage\"},\"image\":{\"@id\":\"https:\\\/\\\/estudiomistermaster.com\\\/enviar-audio-masterizacao\\\/#primaryimage\"},\"thumbnailUrl\":\"https:\\\/\\\/estudiomistermaster.com\\\/wp-content\\\/uploads\\\/2023\\\/01\\\/Logotipo-2020-Quadrado.webp\",\"datePublished\":\"2023-03-25T17:01:09+00:00\",\"dateModified\":\"2025-10-01T16:10:25+00:00\",\"description\":\"Envia os teus ficheiros de \u00e1udio para masteriza\u00e7\u00e3o, atrav\u00e9s do formul\u00e1rio do Est\u00fadio Mister Master. Com instru\u00e7\u00f5es de envio.\",\"breadcrumb\":{\"@id\":\"https:\\\/\\\/estudiomistermaster.com\\\/enviar-audio-masterizacao\\\/#breadcrumb\"},\"inLanguage\":\"en-GB\",\"potentialAction\":[{\"@type\":\"ReadAction\",\"target\":[\"https:\\\/\\\/estudiomistermaster.com\\\/enviar-audio-masterizacao\\\/\"]}]},{\"@type\":\"ImageObject\",\"inLanguage\":\"en-GB\",\"@id\":\"https:\\\/\\\/estudiomistermaster.com\\\/enviar-audio-masterizacao\\\/#primaryimage\",\"url\":\"https:\\\/\\\/estudiomistermaster.com\\\/wp-content\\\/uploads\\\/2023\\\/01\\\/Logotipo-2020-Quadrado.webp\",\"contentUrl\":\"https:\\\/\\\/estudiomistermaster.com\\\/wp-content\\\/uploads\\\/2023\\\/01\\\/Logotipo-2020-Quadrado.webp\"},{\"@type\":\"BreadcrumbList\",\"@id\":\"https:\\\/\\\/estudiomistermaster.com\\\/enviar-audio-masterizacao\\\/#breadcrumb\",\"itemListElement\":[{\"@type\":\"ListItem\",\"position\":1,\"name\":\"Home\",\"item\":\"https:\\\/\\\/estudiomistermaster.com\\\/pt\\\/\"},{\"@type\":\"ListItem\",\"position\":2,\"name\":\"Enviar Ficheiros\"}]},{\"@type\":\"WebSite\",\"@id\":\"https:\\\/\\\/estudiomistermaster.com\\\/#website\",\"url\":\"https:\\\/\\\/estudiomistermaster.com\\\/\",\"name\":\"Est\u00fadio Mister Master\",\"description\":\"Mastering Studio - Portugal\",\"publisher\":{\"@id\":\"https:\\\/\\\/estudiomistermaster.com\\\/#organization\"},\"potentialAction\":[{\"@type\":\"SearchAction\",\"target\":{\"@type\":\"EntryPoint\",\"urlTemplate\":\"https:\\\/\\\/estudiomistermaster.com\\\/?s={search_term_string}\"},\"query-input\":{\"@type\":\"PropertyValueSpecification\",\"valueRequired\":true,\"valueName\":\"search_term_string\"}}],\"inLanguage\":\"en-GB\"},{\"@type\":\"Organization\",\"@id\":\"https:\\\/\\\/estudiomistermaster.com\\\/#organization\",\"name\":\"Est\u00fadio Mister Master\",\"url\":\"https:\\\/\\\/estudiomistermaster.com\\\/\",\"logo\":{\"@type\":\"ImageObject\",\"inLanguage\":\"en-GB\",\"@id\":\"https:\\\/\\\/estudiomistermaster.com\\\/#\\\/schema\\\/logo\\\/image\\\/\",\"url\":\"https:\\\/\\\/estudiomistermaster.com\\\/wp-content\\\/uploads\\\/2024\\\/03\\\/cropped-Logo-retangular-sem-fundo-I.webp\",\"contentUrl\":\"https:\\\/\\\/estudiomistermaster.com\\\/wp-content\\\/uploads\\\/2024\\\/03\\\/cropped-Logo-retangular-sem-fundo-I.webp\",\"width\":400,\"height\":270,\"caption\":\"Est\u00fadio Mister Master\"},\"image\":{\"@id\":\"https:\\\/\\\/estudiomistermaster.com\\\/#\\\/schema\\\/logo\\\/image\\\/\"},\"sameAs\":[\"https:\\\/\\\/www.facebook.com\\\/estudiomistermaster\",\"https:\\\/\\\/x.com\\\/RuiPedroDias\",\"https:\\\/\\\/www.instagram.com\\\/estudiomistermaster\",\"https:\\\/\\\/www.linkedin.com\\\/in\\\/rui-dias-103a222b\",\"https:\\\/\\\/www.youtube.com\\\/playlist?list=PLbyjzd-8IbdWV7HLWFcVIfuF5yviM_eaX\"]}]}<\/script>\n<!-- \/ Yoast SEO plugin. -->","yoast_head_json":{"title":"Enviar \u00e1udio para Masteriza\u00e7\u00e3o | Est\u00fadio Mister Master","description":"Envia os teus ficheiros de \u00e1udio para masteriza\u00e7\u00e3o, atrav\u00e9s do formul\u00e1rio do Est\u00fadio Mister Master. Com instru\u00e7\u00f5es de envio.","robots":{"index":"index","follow":"follow","max-snippet":"max-snippet:-1","max-image-preview":"max-image-preview:large","max-video-preview":"max-video-preview:-1"},"canonical":"https:\/\/estudiomistermaster.com\/en\/enviar-audio-masterizacao\/","og_locale":"en_GB","og_type":"article","og_title":"Enviar \u00e1udio para Masteriza\u00e7\u00e3o | Est\u00fadio Mister Master","og_description":"Envia os teus ficheiros de \u00e1udio para masteriza\u00e7\u00e3o, atrav\u00e9s do formul\u00e1rio do Est\u00fadio Mister Master. Com instru\u00e7\u00f5es de envio.","og_url":"https:\/\/estudiomistermaster.com\/en\/enviar-audio-masterizacao\/","og_site_name":"Est\u00fadio Mister Master","article_publisher":"https:\/\/www.facebook.com\/estudiomistermaster","article_modified_time":"2025-10-01T16:10:25+00:00","og_image":[{"width":150,"height":150,"url":"https:\/\/estudiomistermaster.com\/wp-content\/uploads\/2023\/01\/Logotipo-2020-Quadrado.webp","type":"image\/webp"}],"twitter_card":"summary_large_image","twitter_site":"@RuiPedroDias","twitter_misc":{"Estimated reading time":"1 minute"},"schema":{"@context":"https:\/\/schema.org","@graph":[{"@type":"WebPage","@id":"https:\/\/estudiomistermaster.com\/enviar-audio-masterizacao\/","url":"https:\/\/estudiomistermaster.com\/enviar-audio-masterizacao\/","name":"Enviar \u00e1udio para Masteriza\u00e7\u00e3o | Est\u00fadio Mister Master","isPartOf":{"@id":"https:\/\/estudiomistermaster.com\/#website"},"primaryImageOfPage":{"@id":"https:\/\/estudiomistermaster.com\/enviar-audio-masterizacao\/#primaryimage"},"image":{"@id":"https:\/\/estudiomistermaster.com\/enviar-audio-masterizacao\/#primaryimage"},"thumbnailUrl":"https:\/\/estudiomistermaster.com\/wp-content\/uploads\/2023\/01\/Logotipo-2020-Quadrado.webp","datePublished":"2023-03-25T17:01:09+00:00","dateModified":"2025-10-01T16:10:25+00:00","description":"Envia os teus ficheiros de \u00e1udio para masteriza\u00e7\u00e3o, atrav\u00e9s do formul\u00e1rio do Est\u00fadio Mister Master. Com instru\u00e7\u00f5es de envio.","breadcrumb":{"@id":"https:\/\/estudiomistermaster.com\/enviar-audio-masterizacao\/#breadcrumb"},"inLanguage":"en-GB","potentialAction":[{"@type":"ReadAction","target":["https:\/\/estudiomistermaster.com\/enviar-audio-masterizacao\/"]}]},{"@type":"ImageObject","inLanguage":"en-GB","@id":"https:\/\/estudiomistermaster.com\/enviar-audio-masterizacao\/#primaryimage","url":"https:\/\/estudiomistermaster.com\/wp-content\/uploads\/2023\/01\/Logotipo-2020-Quadrado.webp","contentUrl":"https:\/\/estudiomistermaster.com\/wp-content\/uploads\/2023\/01\/Logotipo-2020-Quadrado.webp"},{"@type":"BreadcrumbList","@id":"https:\/\/estudiomistermaster.com\/enviar-audio-masterizacao\/#breadcrumb","itemListElement":[{"@type":"ListItem","position":1,"name":"Home","item":"https:\/\/estudiomistermaster.com\/pt\/"},{"@type":"ListItem","position":2,"name":"Enviar Ficheiros"}]},{"@type":"WebSite","@id":"https:\/\/estudiomistermaster.com\/#website","url":"https:\/\/estudiomistermaster.com\/","name":"Mister Master Studio","description":"Mastering Studio - Portugal","publisher":{"@id":"https:\/\/estudiomistermaster.com\/#organization"},"potentialAction":[{"@type":"SearchAction","target":{"@type":"EntryPoint","urlTemplate":"https:\/\/estudiomistermaster.com\/?s={search_term_string}"},"query-input":{"@type":"PropertyValueSpecification","valueRequired":true,"valueName":"search_term_string"}}],"inLanguage":"en-GB"},{"@type":"Organization","@id":"https:\/\/estudiomistermaster.com\/#organization","name":"Mister Master Studio","url":"https:\/\/estudiomistermaster.com\/","logo":{"@type":"ImageObject","inLanguage":"en-GB","@id":"https:\/\/estudiomistermaster.com\/#\/schema\/logo\/image\/","url":"https:\/\/estudiomistermaster.com\/wp-content\/uploads\/2024\/03\/cropped-Logo-retangular-sem-fundo-I.webp","contentUrl":"https:\/\/estudiomistermaster.com\/wp-content\/uploads\/2024\/03\/cropped-Logo-retangular-sem-fundo-I.webp","width":400,"height":270,"caption":"Est\u00fadio Mister Master"},"image":{"@id":"https:\/\/estudiomistermaster.com\/#\/schema\/logo\/image\/"},"sameAs":["https:\/\/www.facebook.com\/estudiomistermaster","https:\/\/x.com\/RuiPedroDias","https:\/\/www.instagram.com\/estudiomistermaster","https:\/\/www.linkedin.com\/in\/rui-dias-103a222b","https:\/\/www.youtube.com\/playlist?list=PLbyjzd-8IbdWV7HLWFcVIfuF5yviM_eaX"]}]}},"_links":{"self":[{"href":"https:\/\/estudiomistermaster.com\/en\/wp-json\/wp\/v2\/pages\/8346","targetHints":{"allow":["GET"]}}],"collection":[{"href":"https:\/\/estudiomistermaster.com\/en\/wp-json\/wp\/v2\/pages"}],"about":[{"href":"https:\/\/estudiomistermaster.com\/en\/wp-json\/wp\/v2\/types\/page"}],"author":[{"embeddable":true,"href":"https:\/\/estudiomistermaster.com\/en\/wp-json\/wp\/v2\/users\/1"}],"replies":[{"embeddable":true,"href":"https:\/\/estudiomistermaster.com\/en\/wp-json\/wp\/v2\/comments?post=8346"}],"version-history":[{"count":0,"href":"https:\/\/estudiomistermaster.com\/en\/wp-json\/wp\/v2\/pages\/8346\/revisions"}],"wp:attachment":[{"href":"https:\/\/estudiomistermaster.com\/en\/wp-json\/wp\/v2\/media?parent=8346"}],"curies":[{"name":"wp","href":"https:\/\/api.w.org\/{rel}","templated":true}]}}